{"id":47,"date":"2017-11-18T14:57:46","date_gmt":"2017-11-18T14:57:46","guid":{"rendered":"http:\/\/www.erzincanfatihasm.com\/?page_id=47"},"modified":"2022-10-25T08:37:43","modified_gmt":"2022-10-25T08:37:43","slug":"hakkimizda","status":"publish","type":"page","link":"http:\/\/www.erzincanfatihasm.com\/?page_id=47","title":{"rendered":"Hakk\u0131m\u0131zda"},"content":{"rendered":"<p style=\"padding-left: 30px;\">\u00a0\u00a0\u00a0\u00a0\u00a0\u00a0\u00a0\u00a0\u00a0\u00a0\u00a0\u00a0\u00a0\u00a0 Sa\u011fl\u0131k Bakanl\u0131\u011f\u0131m\u0131z\u0131n Sa\u011fl\u0131kta D\u00f6n\u00fc\u015f\u00fcm politikalar\u0131 kapsam\u0131nda 2004 y\u0131l\u0131ndan itibaren birinci basamak sa\u011fl\u0131k hizmetlerinde Aile Hekimli\u011fi uygulamas\u0131 pilot uygulamalar\u0131na ba\u015flan\u0131lm\u0131\u015f ve zamanla \u00fclke \u00e7ap\u0131nda uygulamaya ge\u00e7ilmi\u015ftir. Bu d\u00f6n\u00fc\u015f\u00fcm \u00e7er\u00e7evesinde 18.01.2010 tarihinden itibaren Erzincan Merkez 3 Nolu Sa\u011fl\u0131k Oca\u011f\u0131 olarak hizmet vermekte olan binam\u0131zda,\u00a0 6 Aile Hekimiyle ve 6 Aile Sa\u011fl\u0131\u011f\u0131 eleman\u0131yla \u201cFatih Aile Sa\u011fl\u0131\u011f\u0131 Merkezi\u201d ad\u0131yla hizmet vermeye ba\u015flanm\u0131\u015ft\u0131r. Ba\u015flang\u0131\u00e7ta \u0130l Sa\u011fl\u0131\u011f\u0131 M\u00fcd\u00fcrl\u00fc\u011f\u00fc taraf\u0131ndan Fatih, Ak\u015femsettin, Yunus Emre, Ba\u015fba\u011flar(\u00f6\u011frenci yurtlar\u0131 dahil), Meng\u00fccek mahalleleriyle B\u00fcy\u00fck\u00e7ak\u0131rman K\u00f6y\u00fc hizmet alan\u0131m\u0131z olarak belirlenmi\u015ftir. Sonradan Sa\u011fl\u0131k M\u00fcd\u00fcrl\u00fc\u011f\u00fc taraf\u0131ndan \u00dcniversite yurtlar\u0131n\u0131 ve Meng\u00fccek Mahallesi ayr\u0131 birer Aile Sa\u011fl\u0131\u011f\u0131 Merkezi birimi olarak d\u00fczenlenmi\u015ftir, B\u00fcy\u00fck\u00e7ak\u0131rman K\u00f6y\u00fc de mobil hizmetten \u00e7\u0131kar\u0131lm\u0131\u015ft\u0131r.<\/p>\n<p style=\"padding-left: 30px;\">\u00a0\u00a0\u00a0\u00a0\u00a0\u00a0\u00a0\u00a0\u00a0\u00a0\u00a0\u00a0\u00a0 Aile Sa\u011fl\u0131\u011f\u0131 Merkezimizde \u015fu anda 5 Aile Hekimi,\u00a0 5 Aile Sa\u011fl\u0131\u011f\u0131 Eleman\u0131, 2 hem\u015fire, 1 hizmetli kadromuzla sa\u011fl\u0131k hizmeti verilmektedir. Sa\u011fl\u0131k m\u00fcd\u00fcrl\u00fc\u011f\u00fcn\u00fcn g\u00f6revlendirdi\u011fi 1 hem\u015fire KETEM (Kanser Erken Te\u015fhis, Tarama ve E\u011fitim Merkezi) hizmetlerini y\u00fcr\u00fctmektedir. Aile Sa\u011fl\u0131\u011f\u0131 Merkezimizde laboratuvar hizmetide verilmektedir.<\/p>\n","protected":false},"excerpt":{"rendered":"<div class=\"mh-excerpt\"><p>\u00a0\u00a0\u00a0\u00a0\u00a0\u00a0\u00a0\u00a0\u00a0\u00a0\u00a0\u00a0\u00a0\u00a0 Sa\u011fl\u0131k Bakanl\u0131\u011f\u0131m\u0131z\u0131n Sa\u011fl\u0131kta D\u00f6n\u00fc\u015f\u00fcm politikalar\u0131 kapsam\u0131nda 2004 y\u0131l\u0131ndan itibaren birinci basamak sa\u011fl\u0131k hizmetlerinde Aile Hekimli\u011fi uygulamas\u0131 pilot uygulamalar\u0131na ba\u015flan\u0131lm\u0131\u015f ve zamanla \u00fclke \u00e7ap\u0131nda uygulamaya <a class=\"mh-excerpt-more\" href=\"http:\/\/www.erzincanfatihasm.com\/?page_id=47\" title=\"Hakk\u0131m\u0131zda\">[&#8230;]<\/a><\/p>\n<\/div>","protected":false},"author":1,"featured_media":0,"parent":0,"menu_order":0,"comment_status":"closed","ping_status":"closed","template":"","meta":{"footnotes":""},"class_list":["post-47","page","type-page","status-publish","hentry"],"_links":{"self":[{"href":"http:\/\/www.erzincanfatihasm.com\/index.php?rest_route=\/wp\/v2\/pages\/47"}],"collection":[{"href":"http:\/\/www.erzincanfatihasm.com\/index.php?rest_route=\/wp\/v2\/pages"}],"about":[{"href":"http:\/\/www.erzincanfatihasm.com\/index.php?rest_route=\/wp\/v2\/types\/page"}],"author":[{"embeddable":true,"href":"http:\/\/www.erzincanfatihasm.com\/index.php?rest_route=\/wp\/v2\/users\/1"}],"replies":[{"embeddable":true,"href":"http:\/\/www.erzincanfatihasm.com\/index.php?rest_route=%2Fwp%2Fv2%2Fcomments&post=47"}],"version-history":[{"count":7,"href":"http:\/\/www.erzincanfatihasm.com\/index.php?rest_route=\/wp\/v2\/pages\/47\/revisions"}],"predecessor-version":[{"id":457,"href":"http:\/\/www.erzincanfatihasm.com\/index.php?rest_route=\/wp\/v2\/pages\/47\/revisions\/457"}],"wp:attachment":[{"href":"http:\/\/www.erzincanfatihasm.com\/index.php?rest_route=%2Fwp%2Fv2%2Fmedia&parent=47"}],"curies":[{"name":"wp","href":"https:\/\/api.w.org\/{rel}","templated":true}]}}