{"id":264,"date":"2017-11-27T17:43:08","date_gmt":"2017-11-27T17:43:08","guid":{"rendered":"http:\/\/www.erzincanfatihasm.com\/?page_id=264"},"modified":"2017-11-29T19:21:57","modified_gmt":"2017-11-29T19:21:57","slug":"koruyucu-hekimlik","status":"publish","type":"page","link":"http:\/\/www.erzincanfatihasm.com\/?page_id=264","title":{"rendered":"Koruyucu Hekimlik"},"content":{"rendered":"<p><a href=\"http:\/\/www.erzincanfatihasm.com\/wp-content\/uploads\/2017\/11\/koruyucu.jpg\"><img loading=\"lazy\" decoding=\"async\" class=\"alignnone  wp-image-293\" src=\"http:\/\/www.erzincanfatihasm.com\/wp-content\/uploads\/2017\/11\/koruyucu.jpg\" alt=\"\" width=\"634\" height=\"232\" srcset=\"http:\/\/www.erzincanfatihasm.com\/wp-content\/uploads\/2017\/11\/koruyucu.jpg 604w, http:\/\/www.erzincanfatihasm.com\/wp-content\/uploads\/2017\/11\/koruyucu-300x110.jpg 300w\" sizes=\"(max-width: 634px) 100vw, 634px\" \/><\/a><\/p>\n<p>Hastal\u0131klarla ba\u015f etmenin en kolay ve ucuz yolu, hastal\u0131\u011fa yakalanmadan \u00f6nce gerekli \u00f6nlemlerin al\u0131nmas\u0131d\u0131r. Bu alanda yap\u0131lan \u00e7al\u0131\u015fmalara koruyucu t\u0131p \u00e7al\u0131\u015fmalar\u0131 denilmektedir.<\/p>\n<p>Koruyucu t\u0131p; hastal\u0131\u011f\u0131n nas\u0131l ba\u015flad\u0131\u011f\u0131 ya da ki\u015fileri nas\u0131l hasta etti\u011fine g\u00f6re koruma mekanizmas\u0131 geli\u015ftirilerek, bilinen veya yeni y\u00f6ntemlerle \u00a0epidemiyoloji bilimi \u00e7er\u00e7evesinde faaliyetlerini s\u00fcrd\u00fcrmektedir.<\/p>\n<p>Koruyucu t\u0131bb\u0131n temel enstr\u00fcman\u0131 olan epidemiyoloji; bir hastal\u0131k veya tehlikenin nedenlerinin, ba\u011flant\u0131l\u0131 oldu\u011fu durumlar\u0131n etkiledi\u011fi birey veya \u00e7evre ko\u015fullar\u0131n\u0131n tan\u0131mlamas\u0131n\u0131, da\u011f\u0131l\u0131m\u0131n\u0131, s\u0131kl\u0131\u011f\u0131n\u0131 inceleyen bilim dal\u0131d\u0131r.<\/p>\n<p>Koruyucu Hekimlik Uygulamalar\u0131, bir hastal\u0131\u011f\u0131n ki\u015fi veya toplumda hangi a\u015famada olursa olsun ilerlemesinin(progresyon) durdurulmas\u0131n\u0131 ama\u00e7lar. Bu alanda y\u00fcr\u00fct\u00fclen \u00e7al\u0131\u015fmalar, \u00e7evreye y\u00f6nelik ve insana y\u00f6nelik olmak \u00fczere ikiye ayr\u0131l\u0131rlar. \u00c7evreye y\u00f6nelik uygulamalar sa\u011fl\u0131k \u00e7al\u0131\u015fanlar\u0131n\u0131n yan\u0131nda kimyager, m\u00fchendis, veteriner gibi mesleklerle birlikte y\u00fcr\u00fct\u00fcl\u00fcrken;\u00a0 insana y\u00f6nelik koruyucu hekimlik uygulamalar\u0131 temelinde hekimin bulundu\u011fu t\u00fcm sa\u011fl\u0131k \u00e7al\u0131\u015fanlar\u0131 ile birlikte sunulan koruyucu sa\u011fl\u0131k hizmetleridir.<\/p>\n<p>Ki\u015fiye y\u00f6nelmi\u015f koruyucu hekimlik hizmetlerine gelince; bu hizmetler a\u015fa\u011f\u0131da belirtilen\u00a0<strong>4 grupta toplan\u0131r:<\/strong><\/p>\n<p>a-Duyarl\u0131 ki\u015filerin a\u015f\u0131lanmas\u0131,<\/p>\n<p>b-Ki\u015filerin uygun beslenmelerini sa\u011flama,<\/p>\n<p>c-Sa\u011flam ki\u015filerin, erken te\u015fhis amac\u0131yla, periyodik muayenesi, genel taramalar<\/p>\n<p>d-Ki\u015filerin sa\u011fl\u0131k konusunda e\u011fitilmeleri.<\/p>\n<p>G\u00fcn\u00fcm\u00fczde koruyucu sa\u011fl\u0131k hizmetlerinin \u00e7o\u011fu\u00a0 birinci basamak sa\u011fl\u0131k \u00e7al\u0131\u015fanlar\u0131 taraf\u0131ndan sa\u011flanmaktad\u0131r. Birinci basamak sa\u011fl\u0131k \u00e7al\u0131\u015fanlar\u0131 hasta, sa\u011fl\u0131kl\u0131 ve risk grubunda olan ve hizmete ula\u015fmak isteyen bireylerin \u00fccretsiz \u015fekilde ba\u015fvurabildi\u011fi ve aile hekimliklerinden okul a\u015f\u0131lamalar\u0131na, evde sa\u011fl\u0131k hizmeti sunumundan\u00a0 beslenme dan\u0131\u015fmanl\u0131\u011f\u0131na kadar uzanan geni\u015f\u00a0 yelpazede hizmetlerini sunmaktad\u0131rlar.<\/p>\n<p><strong>Halk Sa\u011fl\u0131\u011f\u0131 Kurumumuz taraf\u0131ndan sunulan koruyucu sa\u011fl\u0131k hizmetleri a\u015fa\u011f\u0131daki gibidir:<\/strong><\/p>\n<p>-Sa\u011fl\u0131kl\u0131 ve Dengeli Beslenme<\/p>\n<p>-Kronik Hastal\u0131klar\u0131n takibi ve ila\u00e7lar\u0131n d\u00fczenlenmesi<\/p>\n<p>-Sa\u011fl\u0131k e\u011fitimleri ile sa\u011fl\u0131k bilgisinin artt\u0131r\u0131lmas\u0131<\/p>\n<p>-Do\u011fru el y\u0131kama, Ak\u0131lc\u0131 antibiyotik gibi konularda bilin\u00e7lendirme \u00e7al\u0131\u015fmalar\u0131<\/p>\n<p>-Aile Planlamas\u0131<\/p>\n<p>-Kanser Erken Te\u015fhis ve Tedaviye y\u00f6nlendirme<\/p>\n<p>-Genetik Dan\u0131\u015fmanl\u0131k<\/p>\n<p>-A\u011f\u0131z-Di\u015f taramalar\u0131 ve flor-vernik uygulanmas\u0131<\/p>\n<p>-Gebe,bebek, lohusa takipleri<\/p>\n<p>-Ba\u011f\u0131\u015f\u0131klama programlar\u0131<\/p>\n<p>-Okul a\u015f\u0131lamalar\u0131<\/p>\n<p>-Yenido\u011fan Tarama programlar\u0131<\/p>\n<p>-\u0130lkokul 1.s\u0131n\u0131flarda \u0130\u015fitme Sa\u011fl\u0131\u011f\u0131 Taramalar\u0131<\/p>\n<p>-\u0130\u015f sa\u011fl\u0131\u011f\u0131 ve G\u00fcvenli\u011fi Hizmetleri<\/p>\n<p>-\u00c7evre Sa\u011fl\u0131\u011f\u0131 numune takipleri<\/p>\n<p>-Ba\u011f\u0131ml\u0131l\u0131k rehabilitasyon destekleri<\/p>\n<p>-Bula\u015f\u0131c\u0131 hastal\u0131klar\u0131n ve salg\u0131nlar\u0131n takibi<\/p>\n<p>-Psikososyal uyum dan\u0131\u015fmanl\u0131k hizmetleri<\/p>\n","protected":false},"excerpt":{"rendered":"<div class=\"mh-excerpt\"><p>Hastal\u0131klarla ba\u015f etmenin en kolay ve ucuz yolu, hastal\u0131\u011fa yakalanmadan \u00f6nce gerekli \u00f6nlemlerin al\u0131nmas\u0131d\u0131r. Bu alanda yap\u0131lan \u00e7al\u0131\u015fmalara koruyucu t\u0131p \u00e7al\u0131\u015fmalar\u0131 denilmektedir. Koruyucu t\u0131p; hastal\u0131\u011f\u0131n <a class=\"mh-excerpt-more\" href=\"http:\/\/www.erzincanfatihasm.com\/?page_id=264\" title=\"Koruyucu Hekimlik\">[&#8230;]<\/a><\/p>\n<\/div>","protected":false},"author":1,"featured_media":0,"parent":0,"menu_order":0,"comment_status":"closed","ping_status":"closed","template":"","meta":{"footnotes":""},"class_list":["post-264","page","type-page","status-publish","hentry"],"_links":{"self":[{"href":"http:\/\/www.erzincanfatihasm.com\/index.php?rest_route=\/wp\/v2\/pages\/264"}],"collection":[{"href":"http:\/\/www.erzincanfatihasm.com\/index.php?rest_route=\/wp\/v2\/pages"}],"about":[{"href":"http:\/\/www.erzincanfatihasm.com\/index.php?rest_route=\/wp\/v2\/types\/page"}],"author":[{"embeddable":true,"href":"http:\/\/www.erzincanfatihasm.com\/index.php?rest_route=\/wp\/v2\/users\/1"}],"replies":[{"embeddable":true,"href":"http:\/\/www.erzincanfatihasm.com\/index.php?rest_route=%2Fwp%2Fv2%2Fcomments&post=264"}],"version-history":[{"count":3,"href":"http:\/\/www.erzincanfatihasm.com\/index.php?rest_route=\/wp\/v2\/pages\/264\/revisions"}],"predecessor-version":[{"id":295,"href":"http:\/\/www.erzincanfatihasm.com\/index.php?rest_route=\/wp\/v2\/pages\/264\/revisions\/295"}],"wp:attachment":[{"href":"http:\/\/www.erzincanfatihasm.com\/index.php?rest_route=%2Fwp%2Fv2%2Fmedia&parent=264"}],"curies":[{"name":"wp","href":"https:\/\/api.w.org\/{rel}","templated":true}]}}