{"id":24,"date":"2017-11-18T14:51:35","date_gmt":"2017-11-18T14:51:35","guid":{"rendered":"http:\/\/www.erzincanfatihasm.com\/?page_id=24"},"modified":"2017-11-27T17:44:29","modified_gmt":"2017-11-27T17:44:29","slug":"hizmetlerimiz","status":"publish","type":"page","link":"http:\/\/www.erzincanfatihasm.com\/?page_id=24","title":{"rendered":"Hizmetlerimiz"},"content":{"rendered":"<ul>\n<li>\n<h2><a href=\"http:\/\/www.erzincanfatihasm.com\/?page_id=96\">Tan\u0131 ve Tedavi<\/a><\/h2>\n<\/li>\n<li>\n<h2><a href=\"http:\/\/www.erzincanfatihasm.com\/?page_id=264\">Koruyucu Hekimlik<\/a><\/h2>\n<\/li>\n<li>\n<h2><a href=\"http:\/\/www.erzincanfatihasm.com\/?page_id=100\">Sa\u011fl\u0131k Raporu<\/a><\/h2>\n<\/li>\n<li>\n<h2><a href=\"http:\/\/www.erzincanfatihasm.com\/?page_id=98\">Gebe \u0130zlem<\/a><\/h2>\n<\/li>\n<li>\n<h2><a href=\"http:\/\/www.erzincanfatihasm.com\/?page_id=105\">\u00c7ocuk \u0130zlem ve A\u015f\u0131 Uygulamas\u0131<\/a><\/h2>\n<\/li>\n<li>\n<h2><a href=\"http:\/\/www.erzincanfatihasm.com\/?page_id=103\">Aile Planlamas\u0131<\/a><\/h2>\n<\/li>\n<li>\n<h2><a href=\"http:\/\/www.erzincanfatihasm.com\/?page_id=140\">Laboratuvar Tetkikleri<\/a><\/h2>\n<\/li>\n<li>\n<h2><a href=\"http:\/\/www.erzincanfatihasm.com\/?page_id=138\">Kanser Tarama<\/a><\/h2>\n<\/li>\n<\/ul>\n","protected":false},"excerpt":{"rendered":"<div class=\"mh-excerpt\"><p>Tan\u0131 ve Tedavi Koruyucu Hekimlik Sa\u011fl\u0131k Raporu Gebe \u0130zlem \u00c7ocuk \u0130zlem ve A\u015f\u0131 Uygulamas\u0131 Aile Planlamas\u0131 Laboratuvar Tetkikleri Kanser Tarama<\/p>\n<\/div>","protected":false},"author":1,"featured_media":0,"parent":0,"menu_order":0,"comment_status":"closed","ping_status":"closed","template":"","meta":{"footnotes":""},"class_list":["post-24","page","type-page","status-publish","hentry"],"_links":{"self":[{"href":"http:\/\/www.erzincanfatihasm.com\/index.php?rest_route=\/wp\/v2\/pages\/24"}],"collection":[{"href":"http:\/\/www.erzincanfatihasm.com\/index.php?rest_route=\/wp\/v2\/pages"}],"about":[{"href":"http:\/\/www.erzincanfatihasm.com\/index.php?rest_route=\/wp\/v2\/types\/page"}],"author":[{"embeddable":true,"href":"http:\/\/www.erzincanfatihasm.com\/index.php?rest_route=\/wp\/v2\/users\/1"}],"replies":[{"embeddable":true,"href":"http:\/\/www.erzincanfatihasm.com\/index.php?rest_route=%2Fwp%2Fv2%2Fcomments&post=24"}],"version-history":[{"count":3,"href":"http:\/\/www.erzincanfatihasm.com\/index.php?rest_route=\/wp\/v2\/pages\/24\/revisions"}],"predecessor-version":[{"id":267,"href":"http:\/\/www.erzincanfatihasm.com\/index.php?rest_route=\/wp\/v2\/pages\/24\/revisions\/267"}],"wp:attachment":[{"href":"http:\/\/www.erzincanfatihasm.com\/index.php?rest_route=%2Fwp%2Fv2%2Fmedia&parent=24"}],"curies":[{"name":"wp","href":"https:\/\/api.w.org\/{rel}","templated":true}]}}