{"id":229,"date":"2017-11-26T13:03:33","date_gmt":"2017-11-26T13:03:33","guid":{"rendered":"http:\/\/www.erzincanfatihasm.com\/?page_id=229"},"modified":"2017-11-27T17:40:29","modified_gmt":"2017-11-27T17:40:29","slug":"bebek-dostu-asm","status":"publish","type":"page","link":"http:\/\/www.erzincanfatihasm.com\/?page_id=229","title":{"rendered":"Bebek Dostu ASM"},"content":{"rendered":"<p><a href=\"http:\/\/www.erzincanfatihasm.com\/wp-content\/uploads\/2017\/11\/emzirme.jpg\"><img loading=\"lazy\" decoding=\"async\" class=\"alignnone wp-image-239\" src=\"http:\/\/www.erzincanfatihasm.com\/wp-content\/uploads\/2017\/11\/emzirme.jpg\" alt=\"\" width=\"513\" height=\"513\" srcset=\"http:\/\/www.erzincanfatihasm.com\/wp-content\/uploads\/2017\/11\/emzirme.jpg 960w, http:\/\/www.erzincanfatihasm.com\/wp-content\/uploads\/2017\/11\/emzirme-150x150.jpg 150w, http:\/\/www.erzincanfatihasm.com\/wp-content\/uploads\/2017\/11\/emzirme-300x300.jpg 300w, http:\/\/www.erzincanfatihasm.com\/wp-content\/uploads\/2017\/11\/emzirme-768x768.jpg 768w\" sizes=\"(max-width: 513px) 100vw, 513px\" \/><\/a><\/p>\n<p>16\/05\/2017 tarihli resmi gazetede yay\u0131nlanan \u00a0A\u0130LE HEK\u0130ML\u0130\u011e\u0130 UYGULAMA Y\u00d6NETMEL\u0130\u011e\u0130NDE\u00a0DE\u011e\u0130\u015e\u0130KL\u0130K YAPILMASINA DA\u0130R Y\u00d6NETMEL\u0130K ile birinci basamak sa\u011fl\u0131k hizmeti veren Aile Sa\u011fl\u0131\u011f\u0131 Merkezlerinin Bebek Dostu Kurum olmas\u0131 g\u00fcndeme gelmi\u015ftir.\u00a0 Aile sa\u011fl\u0131\u011f\u0131 merkezimiz de bu y\u00f6netmeli\u011fe g\u00f6re gerekli alt yap\u0131lar\u0131 tamamlayarak Erzincan \u0130l Sa\u011fl\u0131k M\u00fcd\u00fcrl\u00fc\u011f\u00fc Taraf\u0131ndan &#8220;Bebek Dostu Aile Sa\u011fl\u0131\u011f\u0131 Merkezi&#8221; olmaya hak kazanm\u0131\u015ft\u0131r.<\/p>\n<h2>\u00a0\u00a0\u00a0\u00a0\u00a0\u00a0\u00a0\u00a0\u00a0\u00a0\u00a0\u00a0 Emzirme Politikam\u0131z:<\/h2>\n<ol>\n<li>EMZ\u0130RMEYE DA\u0130R YAZILI B\u0130R POL\u0130T\u0130KA HAZIRLANMALI VE BU D\u00dcZENL\u0130 ARALIKLARLA T\u00dcM SA\u011eLIK PERSONEL\u0130N\u0130N B\u0130LG\u0130S\u0130NE SUNULMALIDIR.<\/li>\n<li>T\u00dcM SA\u011eLIK PERSONEL\u0130 BU POL\u0130T\u0130KA DO\u011eRULTUSUNDA E\u011e\u0130T\u0130LMEL\u0130D\u0130R.<\/li>\n<li>KURUMA BA\u015eVURAN VE EV GEZ\u0130LER\u0130 SIRASINDA TESP\u0130T ED\u0130LEN GEBELER, EMZ\u0130RMEN\u0130N YARARLARI VE Y\u00d6NET\u0130M\u0130 KONUSUNDA B\u0130LG\u0130LEND\u0130R\u0130LMEL\u0130D\u0130R.<\/li>\n<li>ANNELERE NASIL EMZ\u0130RECEKLER\u0130 VE BEBEKLER\u0130NDEN AYRI KALDIKLARI ZAMANLARDA LAKTASYONU NASIL S\u00dcRD\u00dcRECEKLER\u0130 G\u00d6STER\u0130LMEL\u0130D\u0130R<\/li>\n<li>\u00a0TIBBEN GEREKL\u0130 G\u00d6R\u00dcLMED\u0130K\u00c7E, YEN\u0130 DO\u011eAN BEBEKLERE \u0130LK 6 AY ANNE S\u00dcT\u00dcNDEN BA\u015eKA Y\u0130YECEK VE \u0130\u00c7ECEK VER\u0130LMEMEL\u0130D\u0130R. 6. BEBE\u011e\u0130N HER \u0130STED\u0130\u011e\u0130NDE EMZ\u0130R\u0130LMES\u0130 TE\u015eV\u0130K ED\u0130LMEL\u0130D\u0130R.<\/li>\n<li>EMZ\u0130RMEN\u0130N KORUNMASI, DESTEKLENMES\u0130 VE YAYGINLA\u015eTIRILMASI \u0130\u00c7\u0130N KURUMLAR ARASI \u0130\u015eB\u0130RL\u0130\u011e\u0130 YAPILMALIDIR.<\/li>\n<li>KURUMDA ANNE S\u00dcT\u00dc MUAD\u0130L\u0130 \u00dcR\u00dcNLERLE \u0130LG\u0130L\u0130 GEREKL\u0130 D\u00dcZENLEMELER YAPILMALIDIR.<\/li>\n<li>KURUMUN HER SAHASINDA ULUSLARARASI MAMA KODU UYGULAMALARI BEN\u0130MSENM\u0130\u015e VE UYGULANIYOR OLMALIDIR.<\/li>\n<\/ol>\n<p>&nbsp;<\/p>\n","protected":false},"excerpt":{"rendered":"<div class=\"mh-excerpt\"><p>16\/05\/2017 tarihli resmi gazetede yay\u0131nlanan \u00a0A\u0130LE HEK\u0130ML\u0130\u011e\u0130 UYGULAMA Y\u00d6NETMEL\u0130\u011e\u0130NDE\u00a0DE\u011e\u0130\u015e\u0130KL\u0130K YAPILMASINA DA\u0130R Y\u00d6NETMEL\u0130K ile birinci basamak sa\u011fl\u0131k hizmeti veren Aile Sa\u011fl\u0131\u011f\u0131 Merkezlerinin Bebek Dostu Kurum olmas\u0131 <a class=\"mh-excerpt-more\" href=\"http:\/\/www.erzincanfatihasm.com\/?page_id=229\" title=\"Bebek Dostu ASM\">[&#8230;]<\/a><\/p>\n<\/div>","protected":false},"author":1,"featured_media":0,"parent":0,"menu_order":0,"comment_status":"closed","ping_status":"closed","template":"","meta":{"footnotes":""},"class_list":["post-229","page","type-page","status-publish","hentry"],"_links":{"self":[{"href":"http:\/\/www.erzincanfatihasm.com\/index.php?rest_route=\/wp\/v2\/pages\/229"}],"collection":[{"href":"http:\/\/www.erzincanfatihasm.com\/index.php?rest_route=\/wp\/v2\/pages"}],"about":[{"href":"http:\/\/www.erzincanfatihasm.com\/index.php?rest_route=\/wp\/v2\/types\/page"}],"author":[{"embeddable":true,"href":"http:\/\/www.erzincanfatihasm.com\/index.php?rest_route=\/wp\/v2\/users\/1"}],"replies":[{"embeddable":true,"href":"http:\/\/www.erzincanfatihasm.com\/index.php?rest_route=%2Fwp%2Fv2%2Fcomments&post=229"}],"version-history":[{"count":4,"href":"http:\/\/www.erzincanfatihasm.com\/index.php?rest_route=\/wp\/v2\/pages\/229\/revisions"}],"predecessor-version":[{"id":262,"href":"http:\/\/www.erzincanfatihasm.com\/index.php?rest_route=\/wp\/v2\/pages\/229\/revisions\/262"}],"wp:attachment":[{"href":"http:\/\/www.erzincanfatihasm.com\/index.php?rest_route=%2Fwp%2Fv2%2Fmedia&parent=229"}],"curies":[{"name":"wp","href":"https:\/\/api.w.org\/{rel}","templated":true}]}}