{"id":18,"date":"2017-11-18T14:14:37","date_gmt":"2017-11-18T14:14:37","guid":{"rendered":"http:\/\/www.erzincanfatihasm.com\/?page_id=18"},"modified":"2026-03-10T19:40:53","modified_gmt":"2026-03-10T19:40:53","slug":"saglik-personellerimiz","status":"publish","type":"page","link":"http:\/\/www.erzincanfatihasm.com\/?page_id=18","title":{"rendered":"Hem\u015firelerimiz"},"content":{"rendered":"<table style=\"height: 3787px;\" width=\"838\">\n<tbody>\n<tr>\n<td width=\"1535\">\n<h1 style=\"text-align: center;\"><span style=\"color: #000080;\"><strong><a href=\"http:\/\/www.erzincanfatihasm.com\/wp-content\/uploads\/2022\/10\/Serife-Dilek.jpeg\"><img loading=\"lazy\" decoding=\"async\" class=\"wp-image-448 aligncenter\" src=\"http:\/\/www.erzincanfatihasm.com\/wp-content\/uploads\/2022\/10\/Serife-Dilek.jpeg\" alt=\"\" width=\"230\" height=\"289\" srcset=\"http:\/\/www.erzincanfatihasm.com\/wp-content\/uploads\/2022\/10\/Serife-Dilek.jpeg 634w, http:\/\/www.erzincanfatihasm.com\/wp-content\/uploads\/2022\/10\/Serife-Dilek-240x300.jpeg 240w\" sizes=\"(max-width: 230px) 100vw, 230px\" \/><\/a><\/strong><\/span><\/h1>\n<h1 style=\"text-align: center;\"><span style=\"color: #000080;\"><strong>\u015eerife Dilek Y\u0131ld\u0131r\u0131m<\/strong><\/span><\/h1>\n<p style=\"text-align: center;\"><strong>G\u00f6revi:<\/strong> Aile Sa\u011fl\u0131\u011f\u0131 Eleman\u0131(Ebe)<\/p>\n<p style=\"text-align: center;\"><strong>Ba\u011fl\u0131 Oldu\u011fu Aile Sa\u011fl\u0131\u011f\u0131 Birimi: <\/strong>24.01.017<\/p>\n<p style=\"text-align: center;\"><strong>Telefon: <\/strong>0 534 718 75 00<\/p>\n<\/td>\n<\/tr>\n<tr>\n<td width=\"1535\">\n<h1><a href=\"http:\/\/www.erzincanfatihasm.com\/wp-content\/uploads\/2017\/11\/melek-vursava\u015f.jpg\"><img loading=\"lazy\" decoding=\"async\" class=\"size-medium wp-image-151 aligncenter\" src=\"http:\/\/www.erzincanfatihasm.com\/wp-content\/uploads\/2017\/11\/melek-vursava\u015f-267x300.jpg\" alt=\"\" width=\"267\" height=\"300\" srcset=\"http:\/\/www.erzincanfatihasm.com\/wp-content\/uploads\/2017\/11\/melek-vursava\u015f-267x300.jpg 267w, http:\/\/www.erzincanfatihasm.com\/wp-content\/uploads\/2017\/11\/melek-vursava\u015f-768x864.jpg 768w, http:\/\/www.erzincanfatihasm.com\/wp-content\/uploads\/2017\/11\/melek-vursava\u015f-910x1024.jpg 910w, http:\/\/www.erzincanfatihasm.com\/wp-content\/uploads\/2017\/11\/melek-vursava\u015f.jpg 1181w\" sizes=\"(max-width: 267px) 100vw, 267px\" \/><\/a><\/h1>\n<h1 style=\"text-align: center;\"><span style=\"color: #000080;\"><strong>Melek Ursava\u015f<\/strong><\/span><\/h1>\n<p style=\"text-align: center;\"><strong>G\u00f6revi:<\/strong> Aile Sa\u011fl\u0131\u011f\u0131 Eleman\u0131(Ebe)<\/p>\n<p style=\"text-align: center;\"><strong>Ba\u011fl\u0131 Oldu\u011fu Aile Sa\u011fl\u0131\u011f\u0131 Birimi: <\/strong>24.01.020<\/p>\n<p style=\"text-align: center;\"><strong>Telefon: <\/strong>0551 947 18 87<\/p>\n<\/td>\n<\/tr>\n<tr>\n<td width=\"1535\">\n<h1><strong><img loading=\"lazy\" decoding=\"async\" class=\"alignnone wp-image-550  aligncenter\" src=\"http:\/\/www.erzincanfatihasm.com\/wp-content\/uploads\/2026\/03\/image.jpg\" alt=\"\" width=\"279\" height=\"397\" srcset=\"http:\/\/www.erzincanfatihasm.com\/wp-content\/uploads\/2026\/03\/image.jpg 460w, http:\/\/www.erzincanfatihasm.com\/wp-content\/uploads\/2026\/03\/image-211x300.jpg 211w\" sizes=\"(max-width: 279px) 100vw, 279px\" \/><\/strong><\/h1>\n<h1 style=\"text-align: center;\"><span style=\"color: #000080;\"><strong>Nurseda Kutlu<\/strong><\/span><\/h1>\n<p style=\"text-align: center;\"><strong>G\u00f6revi:<\/strong> Aile Sa\u011fl\u0131\u011f\u0131 Eleman\u0131(Hem\u015fire)<\/p>\n<p style=\"text-align: center;\"><strong>Ba\u011fl\u0131 Oldu\u011fu Aile Sa\u011fl\u0131\u011f\u0131 Birimi: <\/strong>24.01.018<\/p>\n<p style=\"text-align: center;\"><strong>Telefon: <\/strong>0501 101 95 24<\/p>\n<\/td>\n<\/tr>\n<tr>\n<td width=\"1535\">\u00a0<a href=\"http:\/\/www.erzincanfatihasm.com\/wp-content\/uploads\/2020\/09\/Sibel-AKO\u011eUZ-1.jpeg\"><img loading=\"lazy\" decoding=\"async\" class=\" wp-image-405 aligncenter\" src=\"http:\/\/www.erzincanfatihasm.com\/wp-content\/uploads\/2020\/09\/Sibel-AKO\u011eUZ-1.jpeg\" alt=\"\" width=\"266\" height=\"364\" srcset=\"http:\/\/www.erzincanfatihasm.com\/wp-content\/uploads\/2020\/09\/Sibel-AKO\u011eUZ-1.jpeg 340w, http:\/\/www.erzincanfatihasm.com\/wp-content\/uploads\/2020\/09\/Sibel-AKO\u011eUZ-1-219x300.jpeg 219w\" sizes=\"(max-width: 266px) 100vw, 266px\" \/><\/a><\/p>\n<h1 style=\"text-align: center;\"><strong style=\"color: #000080; text-align: center; font-family: inherit; font-size: inherit;\">Sibel Ako\u011fuz<\/strong><\/h1>\n<p style=\"text-align: center;\"><strong>G\u00f6revi:<\/strong> Aile Sa\u011fl\u0131\u011f\u0131 Eleman\u0131(Hem\u015fire)<\/p>\n<p style=\"text-align: center;\"><strong>Ba\u011fl\u0131 Oldu\u011fu Aile Sa\u011fl\u0131\u011f\u0131 Birimi: <\/strong>24.01.019<\/p>\n<p style=\"text-align: center;\"><strong>Telefon: 0 446 226 36 89<\/strong><\/p>\n<\/td>\n<\/tr>\n<tr>\n<td style=\"text-align: center;\" width=\"1535\"><img loading=\"lazy\" decoding=\"async\" class=\"wp-image-528 aligncenter\" src=\"http:\/\/www.erzincanfatihasm.com\/wp-content\/uploads\/2025\/04\/Yagmur-Bilgin-768x1024.jpg\" alt=\"\" width=\"320\" height=\"426\" srcset=\"http:\/\/www.erzincanfatihasm.com\/wp-content\/uploads\/2025\/04\/Yagmur-Bilgin-768x1024.jpg 768w, http:\/\/www.erzincanfatihasm.com\/wp-content\/uploads\/2025\/04\/Yagmur-Bilgin-225x300.jpg 225w, http:\/\/www.erzincanfatihasm.com\/wp-content\/uploads\/2025\/04\/Yagmur-Bilgin-1152x1536.jpg 1152w, http:\/\/www.erzincanfatihasm.com\/wp-content\/uploads\/2025\/04\/Yagmur-Bilgin-1536x2048.jpg 1536w, http:\/\/www.erzincanfatihasm.com\/wp-content\/uploads\/2025\/04\/Yagmur-Bilgin-scaled.jpg 1920w\" sizes=\"(max-width: 320px) 100vw, 320px\" \/><\/p>\n<h1><span style=\"color: #000080;\"><b>Ya\u011fmur Bilgin<\/b><\/span><\/h1>\n<p style=\"text-align: center;\"><strong>G\u00f6revi:<\/strong> Aile Sa\u011fl\u0131\u011f\u0131 Eleman\u0131(Hem\u015fire)<\/p>\n<p style=\"text-align: center;\"><strong>Ba\u011fl\u0131 Oldu\u011fu Aile Sa\u011fl\u0131\u011f\u0131 Birimi: <\/strong>24.01.015<\/p>\n<p style=\"text-align: center;\"><strong>Telefon: <\/strong>0553 153 32 24<\/p>\n<\/td>\n<\/tr>\n<tr>\n<td width=\"1535\">\n<h1 style=\"text-align: center;\"><strong><img loading=\"lazy\" decoding=\"async\" class=\"wp-image-529 aligncenter\" src=\"http:\/\/www.erzincanfatihasm.com\/wp-content\/uploads\/2025\/04\/Zeynep-Seren-Varol-768x1024.jpg\" alt=\"\" width=\"333\" height=\"444\" srcset=\"http:\/\/www.erzincanfatihasm.com\/wp-content\/uploads\/2025\/04\/Zeynep-Seren-Varol-768x1024.jpg 768w, http:\/\/www.erzincanfatihasm.com\/wp-content\/uploads\/2025\/04\/Zeynep-Seren-Varol-225x300.jpg 225w, http:\/\/www.erzincanfatihasm.com\/wp-content\/uploads\/2025\/04\/Zeynep-Seren-Varol-1152x1536.jpg 1152w, http:\/\/www.erzincanfatihasm.com\/wp-content\/uploads\/2025\/04\/Zeynep-Seren-Varol-1536x2048.jpg 1536w, http:\/\/www.erzincanfatihasm.com\/wp-content\/uploads\/2025\/04\/Zeynep-Seren-Varol-scaled.jpg 1920w\" sizes=\"(max-width: 333px) 100vw, 333px\" \/><span style=\"color: #000080;\">Zeynep Seren Varol<\/span><\/strong><\/h1>\n<p style=\"text-align: center;\"><strong>G\u00f6revi:<\/strong> Hem\u015fire<\/p>\n<\/td>\n<\/tr>\n<\/tbody>\n<\/table>\n<p><img loading=\"lazy\" decoding=\"async\" class=\"wp-image-527 aligncenter\" src=\"http:\/\/www.erzincanfatihasm.com\/wp-content\/uploads\/2025\/04\/Hatice-Kadakal-768x1024.jpg\" alt=\"\" width=\"376\" height=\"502\" srcset=\"http:\/\/www.erzincanfatihasm.com\/wp-content\/uploads\/2025\/04\/Hatice-Kadakal-768x1024.jpg 768w, http:\/\/www.erzincanfatihasm.com\/wp-content\/uploads\/2025\/04\/Hatice-Kadakal-225x300.jpg 225w, http:\/\/www.erzincanfatihasm.com\/wp-content\/uploads\/2025\/04\/Hatice-Kadakal-1152x1536.jpg 1152w, http:\/\/www.erzincanfatihasm.com\/wp-content\/uploads\/2025\/04\/Hatice-Kadakal-1536x2048.jpg 1536w, http:\/\/www.erzincanfatihasm.com\/wp-content\/uploads\/2025\/04\/Hatice-Kadakal-scaled.jpg 1920w\" sizes=\"(max-width: 376px) 100vw, 376px\" \/><\/p>\n<h1 style=\"text-align: center;\"><span style=\"color: #000080;\"><strong>Hatice Kadakal<\/strong><\/span><\/h1>\n<p style=\"text-align: center;\"><strong>G\u00f6revi:<\/strong> Hem\u015fire<\/p>\n<p><a href=\"http:\/\/www.erzincanfatihasm.com\/wp-content\/uploads\/2017\/11\/Fadime-K\u0131l\u0131\u00e7.jpg\">\u00a0<\/a><\/p>\n","protected":false},"excerpt":{"rendered":"<div class=\"mh-excerpt\"><p>\u015eerife Dilek Y\u0131ld\u0131r\u0131m G\u00f6revi: Aile Sa\u011fl\u0131\u011f\u0131 Eleman\u0131(Ebe) Ba\u011fl\u0131 Oldu\u011fu Aile Sa\u011fl\u0131\u011f\u0131 Birimi: 24.01.017 Telefon: 0 534 718 75 00 Melek Ursava\u015f G\u00f6revi: Aile Sa\u011fl\u0131\u011f\u0131 Eleman\u0131(Ebe) <a class=\"mh-excerpt-more\" href=\"http:\/\/www.erzincanfatihasm.com\/?page_id=18\" title=\"Hem\u015firelerimiz\">[&#8230;]<\/a><\/p>\n<\/div>","protected":false},"author":1,"featured_media":0,"parent":0,"menu_order":0,"comment_status":"closed","ping_status":"closed","template":"","meta":{"footnotes":""},"class_list":["post-18","page","type-page","status-publish","hentry"],"_links":{"self":[{"href":"http:\/\/www.erzincanfatihasm.com\/index.php?rest_route=\/wp\/v2\/pages\/18"}],"collection":[{"href":"http:\/\/www.erzincanfatihasm.com\/index.php?rest_route=\/wp\/v2\/pages"}],"about":[{"href":"http:\/\/www.erzincanfatihasm.com\/index.php?rest_route=\/wp\/v2\/types\/page"}],"author":[{"embeddable":true,"href":"http:\/\/www.erzincanfatihasm.com\/index.php?rest_route=\/wp\/v2\/users\/1"}],"replies":[{"embeddable":true,"href":"http:\/\/www.erzincanfatihasm.com\/index.php?rest_route=%2Fwp%2Fv2%2Fcomments&post=18"}],"version-history":[{"count":32,"href":"http:\/\/www.erzincanfatihasm.com\/index.php?rest_route=\/wp\/v2\/pages\/18\/revisions"}],"predecessor-version":[{"id":554,"href":"http:\/\/www.erzincanfatihasm.com\/index.php?rest_route=\/wp\/v2\/pages\/18\/revisions\/554"}],"wp:attachment":[{"href":"http:\/\/www.erzincanfatihasm.com\/index.php?rest_route=%2Fwp%2Fv2%2Fmedia&parent=18"}],"curies":[{"name":"wp","href":"https:\/\/api.w.org\/{rel}","templated":true}]}}