{"id":140,"date":"2017-11-20T19:49:54","date_gmt":"2017-11-20T19:49:54","guid":{"rendered":"http:\/\/www.erzincanfatihasm.com\/?page_id=140"},"modified":"2017-11-26T12:02:28","modified_gmt":"2017-11-26T12:02:28","slug":"laboratuvar-tetkikleri","status":"publish","type":"page","link":"http:\/\/www.erzincanfatihasm.com\/?page_id=140","title":{"rendered":"Laboratuvar Tetkikleri"},"content":{"rendered":"<p><a href=\"http:\/\/www.erzincanfatihasm.com\/wp-content\/uploads\/2017\/11\/laboratuvar.jpg\"><img loading=\"lazy\" decoding=\"async\" class=\"alignnone  wp-image-190\" src=\"http:\/\/www.erzincanfatihasm.com\/wp-content\/uploads\/2017\/11\/laboratuvar.jpg\" alt=\"\" width=\"610\" height=\"339\" srcset=\"http:\/\/www.erzincanfatihasm.com\/wp-content\/uploads\/2017\/11\/laboratuvar.jpg 1800w, http:\/\/www.erzincanfatihasm.com\/wp-content\/uploads\/2017\/11\/laboratuvar-300x167.jpg 300w, http:\/\/www.erzincanfatihasm.com\/wp-content\/uploads\/2017\/11\/laboratuvar-768x427.jpg 768w, http:\/\/www.erzincanfatihasm.com\/wp-content\/uploads\/2017\/11\/laboratuvar-1024x569.jpg 1024w\" sizes=\"(max-width: 610px) 100vw, 610px\" \/><\/a><\/p>\n<h2><strong>Aile Sa\u011fl\u0131\u011f\u0131 Merkezimizde bak\u0131labilen tetkikler:<\/strong><\/h2>\n<p><strong>\u00a0\u00a0\u00a0\u00a0\u00a0\u00a0 KAN<\/strong><\/p>\n<ul>\n<li>Kan say\u0131m\u0131(Hemogram)<\/li>\n<li>Biyokimya<\/li>\n<li>Tiroid fonksiyon testleri<\/li>\n<li>Gebelik testi<\/li>\n<li>Kan grubu tayini<\/li>\n<li>Hepatit markerlar\u0131<\/li>\n<li>Bula\u015f\u0131c\u0131 hastal\u0131klar(VDRL, HIV)<\/li>\n<li>Vitaminler<\/li>\n<\/ul>\n<p><strong>\u0130DRAR<\/strong><\/p>\n<ul>\n<li>Tam idrar tetkiki<\/li>\n<li>Gebelik testi<\/li>\n<\/ul>\n","protected":false},"excerpt":{"rendered":"<div class=\"mh-excerpt\"><p>Aile Sa\u011fl\u0131\u011f\u0131 Merkezimizde bak\u0131labilen tetkikler: \u00a0\u00a0\u00a0\u00a0\u00a0\u00a0 KAN Kan say\u0131m\u0131(Hemogram) Biyokimya Tiroid fonksiyon testleri Gebelik testi Kan grubu tayini Hepatit markerlar\u0131 Bula\u015f\u0131c\u0131 hastal\u0131klar(VDRL, HIV) Vitaminler \u0130DRAR <a class=\"mh-excerpt-more\" href=\"http:\/\/www.erzincanfatihasm.com\/?page_id=140\" title=\"Laboratuvar Tetkikleri\">[&#8230;]<\/a><\/p>\n<\/div>","protected":false},"author":1,"featured_media":0,"parent":0,"menu_order":0,"comment_status":"closed","ping_status":"closed","template":"","meta":{"footnotes":""},"class_list":["post-140","page","type-page","status-publish","hentry"],"_links":{"self":[{"href":"http:\/\/www.erzincanfatihasm.com\/index.php?rest_route=\/wp\/v2\/pages\/140"}],"collection":[{"href":"http:\/\/www.erzincanfatihasm.com\/index.php?rest_route=\/wp\/v2\/pages"}],"about":[{"href":"http:\/\/www.erzincanfatihasm.com\/index.php?rest_route=\/wp\/v2\/types\/page"}],"author":[{"embeddable":true,"href":"http:\/\/www.erzincanfatihasm.com\/index.php?rest_route=\/wp\/v2\/users\/1"}],"replies":[{"embeddable":true,"href":"http:\/\/www.erzincanfatihasm.com\/index.php?rest_route=%2Fwp%2Fv2%2Fcomments&post=140"}],"version-history":[{"count":2,"href":"http:\/\/www.erzincanfatihasm.com\/index.php?rest_route=\/wp\/v2\/pages\/140\/revisions"}],"predecessor-version":[{"id":224,"href":"http:\/\/www.erzincanfatihasm.com\/index.php?rest_route=\/wp\/v2\/pages\/140\/revisions\/224"}],"wp:attachment":[{"href":"http:\/\/www.erzincanfatihasm.com\/index.php?rest_route=%2Fwp%2Fv2%2Fmedia&parent=140"}],"curies":[{"name":"wp","href":"https:\/\/api.w.org\/{rel}","templated":true}]}}