{"id":138,"date":"2017-11-20T19:48:58","date_gmt":"2017-11-20T19:48:58","guid":{"rendered":"http:\/\/www.erzincanfatihasm.com\/?page_id=138"},"modified":"2017-11-26T12:44:30","modified_gmt":"2017-11-26T12:44:30","slug":"kanser-tarama","status":"publish","type":"page","link":"http:\/\/www.erzincanfatihasm.com\/?page_id=138","title":{"rendered":"Kanser Tarama"},"content":{"rendered":"<p><a href=\"http:\/\/www.erzincanfatihasm.com\/wp-content\/uploads\/2017\/11\/KETEM-Kanser-Erken-Teshis-Merkezi-e1511700252647.jpg\"><img loading=\"lazy\" decoding=\"async\" class=\"alignnone  wp-image-189\" src=\"http:\/\/www.erzincanfatihasm.com\/wp-content\/uploads\/2017\/11\/KETEM-Kanser-Erken-Teshis-Merkezi-e1511700252647.jpg\" alt=\"\" width=\"520\" height=\"176\" srcset=\"http:\/\/www.erzincanfatihasm.com\/wp-content\/uploads\/2017\/11\/KETEM-Kanser-Erken-Teshis-Merkezi-e1511700252647.jpg 588w, http:\/\/www.erzincanfatihasm.com\/wp-content\/uploads\/2017\/11\/KETEM-Kanser-Erken-Teshis-Merkezi-e1511700252647-300x102.jpg 300w\" sizes=\"(max-width: 520px) 100vw, 520px\" \/><\/a><\/p>\n<p>Aile Sa\u011fl\u0131\u011f\u0131 Merkezimizde KETEM taraf\u0131ndan g\u00f6revlendirilen bir sa\u011fl\u0131k \u00e7al\u0131\u015fan\u0131n\u0131n yard\u0131mlar\u0131 ile a\u015fa\u011f\u0131daki kanser taramas\u0131nda kullan\u0131lan testler uygulanabilmektedir:<\/p>\n<ul>\n<li>Gaitada gizli kan bak\u0131lmas\u0131<\/li>\n<li>Smear testi<\/li>\n<li>Mamografi \u00e7ekimi (Haftan\u0131n bir g\u00fcn\u00fc ta\u015f\u0131ma usul\u00fc)<\/li>\n<\/ul>\n","protected":false},"excerpt":{"rendered":"<div class=\"mh-excerpt\"><p>Aile Sa\u011fl\u0131\u011f\u0131 Merkezimizde KETEM taraf\u0131ndan g\u00f6revlendirilen bir sa\u011fl\u0131k \u00e7al\u0131\u015fan\u0131n\u0131n yard\u0131mlar\u0131 ile a\u015fa\u011f\u0131daki kanser taramas\u0131nda kullan\u0131lan testler uygulanabilmektedir: Gaitada gizli kan bak\u0131lmas\u0131 Smear testi Mamografi \u00e7ekimi <a class=\"mh-excerpt-more\" href=\"http:\/\/www.erzincanfatihasm.com\/?page_id=138\" title=\"Kanser Tarama\">[&#8230;]<\/a><\/p>\n<\/div>","protected":false},"author":1,"featured_media":0,"parent":0,"menu_order":0,"comment_status":"closed","ping_status":"closed","template":"","meta":{"footnotes":""},"class_list":["post-138","page","type-page","status-publish","hentry"],"_links":{"self":[{"href":"http:\/\/www.erzincanfatihasm.com\/index.php?rest_route=\/wp\/v2\/pages\/138"}],"collection":[{"href":"http:\/\/www.erzincanfatihasm.com\/index.php?rest_route=\/wp\/v2\/pages"}],"about":[{"href":"http:\/\/www.erzincanfatihasm.com\/index.php?rest_route=\/wp\/v2\/types\/page"}],"author":[{"embeddable":true,"href":"http:\/\/www.erzincanfatihasm.com\/index.php?rest_route=\/wp\/v2\/users\/1"}],"replies":[{"embeddable":true,"href":"http:\/\/www.erzincanfatihasm.com\/index.php?rest_route=%2Fwp%2Fv2%2Fcomments&post=138"}],"version-history":[{"count":3,"href":"http:\/\/www.erzincanfatihasm.com\/index.php?rest_route=\/wp\/v2\/pages\/138\/revisions"}],"predecessor-version":[{"id":226,"href":"http:\/\/www.erzincanfatihasm.com\/index.php?rest_route=\/wp\/v2\/pages\/138\/revisions\/226"}],"wp:attachment":[{"href":"http:\/\/www.erzincanfatihasm.com\/index.php?rest_route=%2Fwp%2Fv2%2Fmedia&parent=138"}],"curies":[{"name":"wp","href":"https:\/\/api.w.org\/{rel}","templated":true}]}}