{"id":105,"date":"2017-11-19T20:42:31","date_gmt":"2017-11-19T20:42:31","guid":{"rendered":"http:\/\/www.erzincanfatihasm.com\/?page_id=105"},"modified":"2017-11-26T11:53:28","modified_gmt":"2017-11-26T11:53:28","slug":"cocuk-izlem-ve-asi-uygulamasi-2","status":"publish","type":"page","link":"http:\/\/www.erzincanfatihasm.com\/?page_id=105","title":{"rendered":"\u00c7ocuk \u0130zlem ve A\u015f\u0131 Uygulamas\u0131"},"content":{"rendered":"<p><a href=\"http:\/\/www.erzincanfatihasm.com\/wp-content\/uploads\/2017\/11\/\u00e7ocuk-izlem.jpg\"><img loading=\"lazy\" decoding=\"async\" class=\"alignnone size-full wp-image-187\" src=\"http:\/\/www.erzincanfatihasm.com\/wp-content\/uploads\/2017\/11\/\u00e7ocuk-izlem.jpg\" alt=\"\" width=\"490\" height=\"276\" srcset=\"http:\/\/www.erzincanfatihasm.com\/wp-content\/uploads\/2017\/11\/\u00e7ocuk-izlem.jpg 490w, http:\/\/www.erzincanfatihasm.com\/wp-content\/uploads\/2017\/11\/\u00e7ocuk-izlem-300x169.jpg 300w\" sizes=\"(max-width: 490px) 100vw, 490px\" \/><\/a><\/p>\n<p><a href=\"http:\/\/www.erzincanfatihasm.com\/wp-content\/uploads\/2017\/11\/12-bebek_cocuk_ergen_izlem_protokolleri.pdf\">Sa\u011fl\u0131k Bakanl\u0131\u011f\u0131, Bebek, \u00c7ocuk, Ergen \u0130zlem Protokolleri\u00a0i\u00e7in\u00a0t\u0131klay\u0131n\u0131z.<\/a><\/p>\n<hr \/>\n<p style=\"text-align: center;\"><strong>A\u015eI UYGULAMALARI<\/strong><\/p>\n<p><a href=\"http:\/\/www.erzincanfatihasm.com\/wp-content\/uploads\/2017\/11\/a\u015f\u0131-takvimi.png\"><img loading=\"lazy\" decoding=\"async\" class=\"alignnone size-full wp-image-212\" src=\"http:\/\/www.erzincanfatihasm.com\/wp-content\/uploads\/2017\/11\/a\u015f\u0131-takvimi.png\" alt=\"\" width=\"854\" height=\"510\" srcset=\"http:\/\/www.erzincanfatihasm.com\/wp-content\/uploads\/2017\/11\/a\u015f\u0131-takvimi.png 854w, http:\/\/www.erzincanfatihasm.com\/wp-content\/uploads\/2017\/11\/a\u015f\u0131-takvimi-300x179.png 300w, http:\/\/www.erzincanfatihasm.com\/wp-content\/uploads\/2017\/11\/a\u015f\u0131-takvimi-768x459.png 768w\" sizes=\"(max-width: 854px) 100vw, 854px\" \/><\/a><\/p>\n<p><u>Do\u011fumda: Hastanede Hepatit B 1. Doz <\/u><\/p>\n<p><u>1. Ay: Hepatit B 2. Doz <\/u><\/p>\n<p><u>2. Ay: <\/u><\/p>\n<p>1. BCG (Verem A\u015f\u0131s\u0131)<\/p>\n<p>2. 5\u2032li karma a\u015f\u0131 (Difteri-Tetanoz- asell\u00fcler Bo\u011fmaca-Inaktive \u00c7ocuk felci-HIB) 1. Doz<\/p>\n<p>3. Konjuge Pn\u00f6mokok A\u015f\u0131s\u0131 1. Doz<\/p>\n<p><u>4. Ay: <\/u><\/p>\n<p>1. 5\u2032li karma a\u015f\u0131 (Difteri-Tetanoz- asell\u00fcler Bo\u011fmaca-Inaktive \u00c7ocuk felci-HIB) 2. Doz<\/p>\n<p>2. Konjuge Pn\u00f6mokok A\u015f\u0131s\u0131 2. Doz<\/p>\n<p><u>6. Ay: <\/u><\/p>\n<p>1. Hepatit B 3. Doz<\/p>\n<p>2. 5\u2032li karma a\u015f\u0131 (Difteri-Tetanoz- asell\u00fcler Bo\u011fmaca-Inaktive \u00c7ocuk felci-HIB) 3. Doz<\/p>\n<p>3. Konjuge Pn\u00f6mokok A\u015f\u0131s\u0131 3. Doz<\/p>\n<p><u>12. Ay: <\/u><\/p>\n<p>1. 3\u2032l\u00fc karma a\u015f\u0131 (K\u0131zam\u0131k, K\u0131zam\u0131k\u00e7\u0131k, Kabakulak) 1.Doz<\/p>\n<p>2. Konjuge Pn\u00f6mokok Rapel (Peki\u015ftirme Dozu)<\/p>\n<p>3. Su\u00e7i\u00e7e\u011fi<\/p>\n<p><u>18. Ay: <\/u><\/p>\n<p>1. 5\u2032li karma a\u015f\u0131 (Difteri-Tetanoz- asell\u00fcler Bo\u011fmaca-Inaktive \u00c7ocuk felci-HIB) 4. Doz<\/p>\n<p>2. Hepatit A 1. Doz<\/p>\n<p><u>24. Ay: <\/u><\/p>\n<p>1. Hepatit A 2. Doz<\/p>\n<p>\u0130lk\u00f6\u011fretim 1. s\u0131n\u0131fa kadar Sa\u011fl\u0131k Bakanl\u0131\u011f\u0131n\u0131n uygulad\u0131\u011f\u0131 ba\u015fka a\u015f\u0131 yoktur. Bu a\u015f\u0131lar\u0131n tamam\u0131 \u00fccretsiz olarak so\u011fuk zincir kurallar\u0131na titizlikle uyularak uygulanmaktad\u0131r.<\/p>\n<p>Risk grubundakilere veya isteyenlere ba\u015fka a\u015f\u0131lar da uygulanabilir. Rotavirus , Hepatit A, Su \u00e7i\u00e7e\u011fi. Meningekok, Grip a\u015f\u0131lar\u0131,\u2026 gibi. Bu a\u015f\u0131lar\u0131n \u00fccret kar\u015f\u0131l\u0131\u011f\u0131 al\u0131narak so\u011fuk zincir kurallar\u0131 ile ASM ye getirilmesi durumunda isteyene uygulanmaktad\u0131r.<\/p>\n<p>Sa\u011fl\u0131k Bakanl\u0131\u011f\u0131 ile Milli E\u011fitim Bakanl\u0131\u011f\u0131 aras\u0131ndaki protokole uyularak her e\u011fitim y\u0131l\u0131 i\u00e7inde ilk\u00f6\u011fretim okullar\u0131n\u0131n 1. ve 8. s\u0131n\u0131flar\u0131na a\u015f\u0131 uygulamas\u0131 yap\u0131l\u0131r.Aileler \u00f6nceden bilgilendirilerek onaylar\u0131 al\u0131n\u0131r. \u00d6zel durumu olanlar ,ba\u011f\u0131\u015f\u0131kl\u0131kla ilgili hastal\u0131\u011f\u0131 olanlar ve allerjisi olanlar\u0131n aile hekimlerinin bilgisi dahilinde a\u015f\u0131s\u0131 yap\u0131labilir.A\u015f\u0131n\u0131n yap\u0131ld\u0131\u011f\u0131 g\u00fcn okulda olmayan ve a\u015f\u0131s\u0131 yap\u0131lmayan \u00f6\u011frencilerin \u00f6\u011fretmenleri taraf\u0131ndan velisiyle aile hekimlerine y\u00f6nlendirerek a\u015f\u0131lanmas\u0131n\u0131n sa\u011flanmas\u0131 gerekir.<\/p>\n<p>\u0130lk\u00f6\u011fretim 1. s\u0131n\u0131fta;<\/p>\n<p>1. 1 doz koldan K\u0131zam\u0131k-K\u0131zam\u0131k\u00e7\u0131k-Kabakulak a\u015f\u0131s\u0131<\/p>\n<p>2. 1 doz a\u011f\u0131zdan \u00e7ocuk felci a\u015f\u0131s\u0131<\/p>\n<p>3. 1 doz koldan difteri tetanoz a\u015f\u0131s\u0131<\/p>\n<p>\u0130lk\u00f6\u011fretim 8. s\u0131n\u0131fta ise;<\/p>\n<p>1 doz koldan difteri tetanoz a\u015f\u0131s\u0131<\/p>\n","protected":false},"excerpt":{"rendered":"<div class=\"mh-excerpt\"><p>Sa\u011fl\u0131k Bakanl\u0131\u011f\u0131, Bebek, \u00c7ocuk, Ergen \u0130zlem Protokolleri\u00a0i\u00e7in\u00a0t\u0131klay\u0131n\u0131z. A\u015eI UYGULAMALARI Do\u011fumda: Hastanede Hepatit B 1. Doz 1. Ay: Hepatit B 2. Doz 2. Ay: 1. BCG <a class=\"mh-excerpt-more\" href=\"http:\/\/www.erzincanfatihasm.com\/?page_id=105\" title=\"\u00c7ocuk \u0130zlem ve A\u015f\u0131 Uygulamas\u0131\">[&#8230;]<\/a><\/p>\n<\/div>","protected":false},"author":1,"featured_media":0,"parent":0,"menu_order":0,"comment_status":"closed","ping_status":"closed","template":"","meta":{"footnotes":""},"class_list":["post-105","page","type-page","status-publish","hentry"],"_links":{"self":[{"href":"http:\/\/www.erzincanfatihasm.com\/index.php?rest_route=\/wp\/v2\/pages\/105"}],"collection":[{"href":"http:\/\/www.erzincanfatihasm.com\/index.php?rest_route=\/wp\/v2\/pages"}],"about":[{"href":"http:\/\/www.erzincanfatihasm.com\/index.php?rest_route=\/wp\/v2\/types\/page"}],"author":[{"embeddable":true,"href":"http:\/\/www.erzincanfatihasm.com\/index.php?rest_route=\/wp\/v2\/users\/1"}],"replies":[{"embeddable":true,"href":"http:\/\/www.erzincanfatihasm.com\/index.php?rest_route=%2Fwp%2Fv2%2Fcomments&post=105"}],"version-history":[{"count":5,"href":"http:\/\/www.erzincanfatihasm.com\/index.php?rest_route=\/wp\/v2\/pages\/105\/revisions"}],"predecessor-version":[{"id":221,"href":"http:\/\/www.erzincanfatihasm.com\/index.php?rest_route=\/wp\/v2\/pages\/105\/revisions\/221"}],"wp:attachment":[{"href":"http:\/\/www.erzincanfatihasm.com\/index.php?rest_route=%2Fwp%2Fv2%2Fmedia&parent=105"}],"curies":[{"name":"wp","href":"https:\/\/api.w.org\/{rel}","templated":true}]}}